{"id":44,"date":"2018-07-18T09:53:19","date_gmt":"2018-07-18T09:53:19","guid":{"rendered":"https:\/\/lightgeej.worksites.dk\/?page_id=44"},"modified":"2018-07-18T09:53:19","modified_gmt":"2018-07-18T09:53:19","slug":"crontab","status":"publish","type":"page","link":"https:\/\/lightgeej.worksites.dk\/?page_id=44","title":{"rendered":"Crontab"},"content":{"rendered":"<div>Crontab, er et ord, der udf\u00f8re de kommandoer\/script som du s\u00e6tter ind<br \/>\ni den, afh\u00e6ngig af hvad tider du har bedt den g\u00f8re det.<\/div>\n<div>Fx vil jeg ha mit backupscript til at k\u00f8re hver time<br \/>\nf\u00f8rst skal du lige kopiere filen over i \/usr\/bin :<\/div>\n<div><\/div>\n<div>cp mysqlbackup.sh \/usr\/bin<\/div>\n<div>Her efter skal du ind i crontab filen :<\/div>\n<div>\n<div>\n<div>crontab -e<\/div>\n<\/div>\n<\/div>\n<div><\/div>\n<div>nu vil jeg fx gerne ha at systemet k\u00f8re min backupjob engang i timen<\/div>\n<div><\/div>\n<div>0 \u00a0 \u00a0 * \u00a0 \u00a0 * \u00a0 \u00a0 * \u00a0 \u00a0 * \u00a0 \u00a0 mysqlbackup.sh<\/div>\n<div><\/div>\n<div><\/div>\n<div><\/div>\n<div>\n<pre xml:space=\"preserve\">*     *     *     *     *  Command to be executed\r\n-     -     -     -     -\r\n|     |     |     |     |\r\n|     |     |     |     +----- Day of week (0-7)\r\n|     |     |     +------- Month (1 - 12)\r\n|     |     +--------- Day of month (1 - 31)\r\n|     +----------- Hour (0 - 23)\r\n+------------- Min (0 - 59)<\/pre>\n<\/div>\n","protected":false},"excerpt":{"rendered":"<p>Crontab, er et ord, der udf\u00f8re de kommandoer\/script som du s\u00e6tter ind i den, afh\u00e6ngig af hvad tider du har bedt den g\u00f8re det. Fx vil jeg ha mit backupscript til at k\u00f8re hver time f\u00f8rst skal du lige kopiere filen over i \/usr\/bin : cp mysqlbackup.sh \/usr\/bin Her efter skal du ind i crontab&#8230;<\/p>\n","protected":false},"author":1,"featured_media":0,"parent":0,"menu_order":0,"comment_status":"closed","ping_status":"closed","template":"","meta":{"_kad_post_transparent":"","_kad_post_title":"","_kad_post_layout":"","_kad_post_sidebar_id":"","_kad_post_content_style":"","_kad_post_vertical_padding":"","_kad_post_feature":"","_kad_post_feature_position":"","_kad_post_header":false,"_kad_post_footer":false,"_kad_post_classname":"","footnotes":""},"class_list":["post-44","page","type-page","status-publish","hentry"],"_links":{"self":[{"href":"https:\/\/lightgeej.worksites.dk\/index.php?rest_route=\/wp\/v2\/pages\/44","targetHints":{"allow":["GET"]}}],"collection":[{"href":"https:\/\/lightgeej.worksites.dk\/index.php?rest_route=\/wp\/v2\/pages"}],"about":[{"href":"https:\/\/lightgeej.worksites.dk\/index.php?rest_route=\/wp\/v2\/types\/page"}],"author":[{"embeddable":true,"href":"https:\/\/lightgeej.worksites.dk\/index.php?rest_route=\/wp\/v2\/users\/1"}],"replies":[{"embeddable":true,"href":"https:\/\/lightgeej.worksites.dk\/index.php?rest_route=%2Fwp%2Fv2%2Fcomments&post=44"}],"version-history":[{"count":1,"href":"https:\/\/lightgeej.worksites.dk\/index.php?rest_route=\/wp\/v2\/pages\/44\/revisions"}],"predecessor-version":[{"id":45,"href":"https:\/\/lightgeej.worksites.dk\/index.php?rest_route=\/wp\/v2\/pages\/44\/revisions\/45"}],"wp:attachment":[{"href":"https:\/\/lightgeej.worksites.dk\/index.php?rest_route=%2Fwp%2Fv2%2Fmedia&parent=44"}],"curies":[{"name":"wp","href":"https:\/\/api.w.org\/{rel}","templated":true}]}}