{"id":34,"date":"2018-07-17T14:51:05","date_gmt":"2018-07-17T14:51:05","guid":{"rendered":"https:\/\/lightgeej.worksites.dk\/?page_id=34"},"modified":"2018-07-17T14:51:05","modified_gmt":"2018-07-17T14:51:05","slug":"tilfoej-harddisk","status":"publish","type":"page","link":"https:\/\/lightgeej.worksites.dk\/?page_id=34","title":{"rendered":"Tilf\u00f8j harddisk"},"content":{"rendered":"<div>F\u00f8rst skal du finde ud af hvad \/dev den har lagt sig p\u00e5,<\/div>\n<div>det g\u00f8r du ved at skrivefdisk -lHer st\u00e5r harddisken s\u00e5 fx som \/dev\/sbd1<br \/>\nfor s\u00e5 at f\u00e5 system til at load den hvergang du rebooter<br \/>\nskal du redigere i fstab<\/div>\n<div><\/div>\n<div>nano \/etc\/fstab<\/div>\n<div>Her inde skal du s\u00e5 s\u00e6tte disken op s\u00e5ledes<\/div>\n<div><\/div>\n<div>#0 Ny harddisk<\/div>\n<div>\/media\/sdc \u00a0 \u00a0 \/mountingpoint \u00a0 \u00a0 etx4 \u00a0 \u00a0 defaults \u00a0 \u00a0 1 \u00a0 \u00a0 1<\/div>\n<div>\u00a0 \u00a0 #1 \u00a0 \u00a0 \u00a0 \u00a0 \u00a0 \u00a0 \u00a0 \u00a0 \u00a0 \u00a0#2 \u00a0 \u00a0 \u00a0 \u00a0 \u00a0 \u00a0 \u00a0 \u00a0#3 \u00a0 \u00a0 \u00a0 \u00a0#4 \u00a0 \u00a0 \u00a0 \u00a0 \u00a0 \u00a0 #5<\/div>\n<div>#0 dette er bare et notat til dig selv om hvad disken hedder over, valgfrit.<\/div>\n<div>#1 her fort\u00e6ller vi systemet hvor at harddisk fysisk forbinder sig.#2 her efter fort\u00e6lller vi system hvor vi vil ha data fra disken<br \/>\ntil at ligge (drev bogstav i windows)#3 S\u00e5 angiver vi hvad format harddisk k\u00f8re#4 Default bruges mest, med mindre det er en special harddisk<br \/>\neller partition som den k\u00f8re med<\/p>\n<p>#5\u00a01 1\u00a0er mest brugt til standart partitioner, hvor fx en Swap<br \/>\npartition har 0 \u00a0 \u00a0 0<\/p>\n<\/div>\n<div><\/div>\n<div>#1 #2 ovs skal ikke med i filen.<\/div>\n<div>Gem filen og bed systemet om at starte harddiskene op igen med<br \/>\nkommandoen : mount -a<br \/>\nher efter vil den genopfriske fstab filen, og mount eller demounter disk<br \/>\nsom du har rette i den.<\/div>\n","protected":false},"excerpt":{"rendered":"<p>F\u00f8rst skal du finde ud af hvad \/dev den har lagt sig p\u00e5, det g\u00f8r du ved at skrivefdisk -lHer st\u00e5r harddisken s\u00e5 fx som \/dev\/sbd1 for s\u00e5 at f\u00e5 system til at load den hvergang du rebooter skal du redigere i fstab nano \/etc\/fstab Her inde skal du s\u00e5 s\u00e6tte disken op s\u00e5ledes #0&#8230;<\/p>\n","protected":false},"author":1,"featured_media":0,"parent":0,"menu_order":0,"comment_status":"closed","ping_status":"closed","template":"","meta":{"_kad_post_transparent":"","_kad_post_title":"","_kad_post_layout":"","_kad_post_sidebar_id":"","_kad_post_content_style":"","_kad_post_vertical_padding":"","_kad_post_feature":"","_kad_post_feature_position":"","_kad_post_header":false,"_kad_post_footer":false,"_kad_post_classname":"","footnotes":""},"class_list":["post-34","page","type-page","status-publish","hentry"],"_links":{"self":[{"href":"https:\/\/lightgeej.worksites.dk\/index.php?rest_route=\/wp\/v2\/pages\/34","targetHints":{"allow":["GET"]}}],"collection":[{"href":"https:\/\/lightgeej.worksites.dk\/index.php?rest_route=\/wp\/v2\/pages"}],"about":[{"href":"https:\/\/lightgeej.worksites.dk\/index.php?rest_route=\/wp\/v2\/types\/page"}],"author":[{"embeddable":true,"href":"https:\/\/lightgeej.worksites.dk\/index.php?rest_route=\/wp\/v2\/users\/1"}],"replies":[{"embeddable":true,"href":"https:\/\/lightgeej.worksites.dk\/index.php?rest_route=%2Fwp%2Fv2%2Fcomments&post=34"}],"version-history":[{"count":1,"href":"https:\/\/lightgeej.worksites.dk\/index.php?rest_route=\/wp\/v2\/pages\/34\/revisions"}],"predecessor-version":[{"id":35,"href":"https:\/\/lightgeej.worksites.dk\/index.php?rest_route=\/wp\/v2\/pages\/34\/revisions\/35"}],"wp:attachment":[{"href":"https:\/\/lightgeej.worksites.dk\/index.php?rest_route=%2Fwp%2Fv2%2Fmedia&parent=34"}],"curies":[{"name":"wp","href":"https:\/\/api.w.org\/{rel}","templated":true}]}}