{"id":119,"date":"2019-02-28T16:17:06","date_gmt":"2019-02-28T16:17:06","guid":{"rendered":"https:\/\/lightgeej.worksites.dk\/?page_id=119"},"modified":"2019-02-28T16:17:06","modified_gmt":"2019-02-28T16:17:06","slug":"slaa-telefonsvarer-voicemail-fra-eller-til","status":"publish","type":"page","link":"https:\/\/lightgeej.worksites.dk\/?page_id=119","title":{"rendered":"Sl\u00e5 telefonsvarer\/voicemail fra eller til"},"content":{"rendered":"\n<p>Frygt ej, for uanset om du vil have sl\u00e5et den til eller fra er det utroligt nemt at \u00e6ndre p\u00e5 det, ligemeget hvilken mobil eller hvilket teleselskab du har. Alt du skal g\u00f8re er at indtaste en simpel kode i din telefon-app, og s\u00e5 har du p\u00e5 ganske f\u00e5 sekunder enten sl\u00e5et din telefonsvarer\/voicemail til eller fra.<\/p>\n\n\n\n<h2 class=\"wp-block-heading\">Sl\u00e5 telefonsvarer\/voicemail fra<\/h2>\n\n\n\n<p>\u00c5bn din telefonapp, hvor du normalt indtaster telefonnumre. Tast&nbsp;<strong>##002#<\/strong>&nbsp;og ring op. Din telefon vil efter f\u00e5 sekunder vise en meddelelse eller en popup om, at telefonsvareren er sl\u00e5et fra. N\u00e5r folk ringer dig op, vil den alts\u00e5 fors\u00f8ge at ringe i omkring et minuts tid, og hvis ikke du tager telefonen, vil opkaldet blot blive afsluttet uden muligheden for at indtale en telefonsvarer.<\/p>\n\n\n\n<h2 class=\"wp-block-heading\">Sl\u00e5 telefonsvarer\/voicemail til<\/h2>\n\n\n\n<p>Hvis du gerne vil modtage telefonsvarer p\u00e5 din mobil, skal du sikre dig, at det er sl\u00e5et til. Det g\u00f8r du ogs\u00e5 ved at indtaste en kode i samme felt, hvor du indtaster normale telefonnumre. Koderne varierer dog fra teleselskab til teleselskab, men f\u00f8lger samme struktur (med visse undtagelser), som er: **004* efterfulgt af enten dit nummer eller nummeret p\u00e5 dit teleselskabs voicemail, som afsluttes med # &#8211; alt sammen uden mellemrum.&nbsp;<br><br>Hvis du ikke kender nummeret p\u00e5 dit teleselskabs voicemail, kan du fors\u00f8ge med nedenst\u00e5ende numre, som de ser ud i august 2017. V\u00e6r dog opm\u00e6rk p\u00e5, at numrene kan \u00e6ndre sig i fremtiden. Hvis ikke dit nummer virker, bedes du kontakte dit teleselskab eller f\u00f8lge sidste metode nederst i artiklen.<br><br>Ring f\u00f8lgende kode op fra din telefon for at sl\u00e5 telefonsvarer\/voicemail til:<br><\/p>\n\n\n\n<ul class=\"wp-block-list\"><li><strong>3:<\/strong>&nbsp;**004*(dit telefonnummer)# eller **004*31133333#<\/li><li><strong>Call me:<\/strong>&nbsp;**004*28184040#<\/li><li><strong>CBB Mobil:<\/strong>&nbsp;**004*60708090#<\/li><li><strong>Fullrate:<\/strong>&nbsp;**004*51100128#<\/li><li><strong>GreenSpeak:<\/strong>&nbsp;*004*60500000#<\/li><li><strong>Greentel:<\/strong>&nbsp;*004*28184040#<\/li><li><strong>OiSTER:&nbsp;<\/strong>**004*(dit telefonnummer)# eller **004*4291 9191#<\/li><li><strong>OK Mobil:<\/strong>&nbsp;**004*(nummer p\u00e5 mobilsvarer &#8211; findes p\u00e5 \u2019Min OK Mobil\u2019-side)#<\/li><li><strong>Plenti:<\/strong>&nbsp;**004*42919191#<\/li><li><strong>Telenor:<\/strong>&nbsp;**004*60500000#<\/li><li><strong>Telia:<\/strong>&nbsp;Ring til 28184000 og f\u00f8lg guiden<\/li><li><strong>Telmore:<\/strong>&nbsp;**004*23500200#<\/li><li><strong>YouSee:<\/strong>&nbsp;**004*51100020#<\/li><li><strong>Zenji:<\/strong>&nbsp;**004*42919191#<\/li><\/ul>\n\n\n\n<h2 class=\"wp-block-heading\">Sl\u00e5 telefonsvarer til eller fra via app eller selvbetjening<\/h2>\n\n\n\n<p>Du kan m\u00e5ske komme ud for, at et eller flere af ovenst\u00e5ende teleselskaber ikke kan sl\u00e5 telefonsvareren til eller fra via ovenst\u00e5ende koder. I de tilf\u00e6lde kan du hos n\u00e6sten alle teleselskaber altid logge ind p\u00e5 selvbetjening og \u00e6ndre indstillingerne for din telefonsvarer.<br><br>Flere af teleselskaberne lader dig ogs\u00e5 \u00e6ndre i din telefonsvarer via en app. Nedenfor finder du disse, som du kan downloade til din smartphone:<\/p>\n","protected":false},"excerpt":{"rendered":"<p>Frygt ej, for uanset om du vil have sl\u00e5et den til eller fra er det utroligt nemt at \u00e6ndre p\u00e5 det, ligemeget hvilken mobil eller hvilket teleselskab du har. Alt du skal g\u00f8re er at indtaste en simpel kode i din telefon-app, og s\u00e5 har du p\u00e5 ganske f\u00e5 sekunder enten sl\u00e5et din telefonsvarer\/voicemail til&#8230;<\/p>\n","protected":false},"author":2,"featured_media":0,"parent":0,"menu_order":0,"comment_status":"closed","ping_status":"closed","template":"","meta":{"_kad_post_transparent":"","_kad_post_title":"","_kad_post_layout":"","_kad_post_sidebar_id":"","_kad_post_content_style":"","_kad_post_vertical_padding":"","_kad_post_feature":"","_kad_post_feature_position":"","_kad_post_header":false,"_kad_post_footer":false,"_kad_post_classname":"","footnotes":""},"class_list":["post-119","page","type-page","status-publish","hentry"],"_links":{"self":[{"href":"https:\/\/lightgeej.worksites.dk\/index.php?rest_route=\/wp\/v2\/pages\/119","targetHints":{"allow":["GET"]}}],"collection":[{"href":"https:\/\/lightgeej.worksites.dk\/index.php?rest_route=\/wp\/v2\/pages"}],"about":[{"href":"https:\/\/lightgeej.worksites.dk\/index.php?rest_route=\/wp\/v2\/types\/page"}],"author":[{"embeddable":true,"href":"https:\/\/lightgeej.worksites.dk\/index.php?rest_route=\/wp\/v2\/users\/2"}],"replies":[{"embeddable":true,"href":"https:\/\/lightgeej.worksites.dk\/index.php?rest_route=%2Fwp%2Fv2%2Fcomments&post=119"}],"version-history":[{"count":1,"href":"https:\/\/lightgeej.worksites.dk\/index.php?rest_route=\/wp\/v2\/pages\/119\/revisions"}],"predecessor-version":[{"id":120,"href":"https:\/\/lightgeej.worksites.dk\/index.php?rest_route=\/wp\/v2\/pages\/119\/revisions\/120"}],"wp:attachment":[{"href":"https:\/\/lightgeej.worksites.dk\/index.php?rest_route=%2Fwp%2Fv2%2Fmedia&parent=119"}],"curies":[{"name":"wp","href":"https:\/\/api.w.org\/{rel}","templated":true}]}}