{"id":111,"date":"2019-01-01T09:41:34","date_gmt":"2019-01-01T09:41:34","guid":{"rendered":"https:\/\/lightgeej.worksites.dk\/?page_id=111"},"modified":"2019-01-01T09:41:34","modified_gmt":"2019-01-01T09:41:34","slug":"opsaetning-dkim-i-plesk","status":"publish","type":"page","link":"https:\/\/lightgeej.worksites.dk\/?page_id=111","title":{"rendered":"Ops\u00e6tning DKIM i plesk"},"content":{"rendered":"\n<ol class=\"wp-block-list\"><li>du g\u00e5r ind p\u00e5 ditdom\u00e6ne og v\u00e6lger  E<a>mail address<\/a><\/li><li>derefter v\u00e6lger du  mail Settings  og s\u00e6t x  <br>Use DKIM spam protection system to sign outgoing email messages s\u00e5 bliver din  <br>DKIMn\u00f8gle lavet. <\/li><li>\u00a0for at se din DKIMn\u00f8gle skal du hoppe tilbage til din hovdemenu    <\/li><li>s\u00e5 v\u00e6lger du DNS Settings og der vil du kunne se din DKIMn\u00f8gle. <\/li><\/ol>\n\n\n\n<p><\/p>\n","protected":false},"excerpt":{"rendered":"<p>du g\u00e5r ind p\u00e5 ditdom\u00e6ne og v\u00e6lger Email address derefter v\u00e6lger du mail Settings og s\u00e6t x Use DKIM spam protection system to sign outgoing email messages s\u00e5 bliver din DKIMn\u00f8gle lavet. \u00a0for at se din DKIMn\u00f8gle skal du hoppe tilbage til din hovdemenu s\u00e5 v\u00e6lger du DNS Settings og der vil du kunne se&#8230;<\/p>\n","protected":false},"author":2,"featured_media":0,"parent":0,"menu_order":0,"comment_status":"closed","ping_status":"closed","template":"","meta":{"_kad_post_transparent":"","_kad_post_title":"","_kad_post_layout":"","_kad_post_sidebar_id":"","_kad_post_content_style":"","_kad_post_vertical_padding":"","_kad_post_feature":"","_kad_post_feature_position":"","_kad_post_header":false,"_kad_post_footer":false,"_kad_post_classname":"","footnotes":""},"class_list":["post-111","page","type-page","status-publish","hentry"],"_links":{"self":[{"href":"https:\/\/lightgeej.worksites.dk\/index.php?rest_route=\/wp\/v2\/pages\/111","targetHints":{"allow":["GET"]}}],"collection":[{"href":"https:\/\/lightgeej.worksites.dk\/index.php?rest_route=\/wp\/v2\/pages"}],"about":[{"href":"https:\/\/lightgeej.worksites.dk\/index.php?rest_route=\/wp\/v2\/types\/page"}],"author":[{"embeddable":true,"href":"https:\/\/lightgeej.worksites.dk\/index.php?rest_route=\/wp\/v2\/users\/2"}],"replies":[{"embeddable":true,"href":"https:\/\/lightgeej.worksites.dk\/index.php?rest_route=%2Fwp%2Fv2%2Fcomments&post=111"}],"version-history":[{"count":1,"href":"https:\/\/lightgeej.worksites.dk\/index.php?rest_route=\/wp\/v2\/pages\/111\/revisions"}],"predecessor-version":[{"id":112,"href":"https:\/\/lightgeej.worksites.dk\/index.php?rest_route=\/wp\/v2\/pages\/111\/revisions\/112"}],"wp:attachment":[{"href":"https:\/\/lightgeej.worksites.dk\/index.php?rest_route=%2Fwp%2Fv2%2Fmedia&parent=111"}],"curies":[{"name":"wp","href":"https:\/\/api.w.org\/{rel}","templated":true}]}}